{"id":963,"date":"2022-12-05T20:42:06","date_gmt":"2022-12-05T20:42:06","guid":{"rendered":"http:\/\/flargent.7kb.net\/?page_id=963"},"modified":"2025-02-14T05:42:26","modified_gmt":"2025-02-14T05:42:26","slug":"desarenadores","status":"publish","type":"page","link":"https:\/\/flargent.com\/en\/desarenadores\/","title":{"rendered":"Desarenadores"},"content":{"rendered":"\t\t<div data-elementor-type=\"wp-page\" data-elementor-id=\"963\" class=\"elementor elementor-963\" data-elementor-post-type=\"page\">\n\t\t\t\t<div data-particle_enable=\"false\" data-particle-mobile-disabled=\"false\" class=\"elementor-element elementor-element-06de84d e-con-full e-flex e-con e-parent\" data-id=\"06de84d\" data-element_type=\"container\" data-e-type=\"container\" data-settings=\"{&quot;background_background&quot;:&quot;classic&quot;,&quot;motion_fx_motion_fx_scrolling&quot;:&quot;yes&quot;,&quot;motion_fx_devices&quot;:[&quot;widescreen&quot;,&quot;desktop&quot;,&quot;laptop&quot;,&quot;tablet&quot;,&quot;mobile&quot;]}\">\n\t\t<div data-particle_enable=\"false\" data-particle-mobile-disabled=\"false\" class=\"elementor-element elementor-element-ac3dc9b e-con-full e-flex e-con e-child\" data-id=\"ac3dc9b\" data-element_type=\"container\" data-e-type=\"container\">\n\t\t\t\t<\/div>\n\t\t\t\t<\/div>\n\t\t<div data-particle_enable=\"false\" data-particle-mobile-disabled=\"false\" class=\"elementor-element elementor-element-016b615 e-flex e-con-boxed e-con e-parent\" data-id=\"016b615\" data-element_type=\"container\" data-e-type=\"container\" data-settings=\"{&quot;background_background&quot;:&quot;classic&quot;,&quot;animation_mobile&quot;:&quot;none&quot;}\">\n\t\t\t\t\t<div class=\"e-con-inner\">\n\t\t<div data-particle_enable=\"false\" data-particle-mobile-disabled=\"false\" class=\"elementor-element elementor-element-daac5ae e-con-full e-flex e-con e-child\" data-id=\"daac5ae\" data-element_type=\"container\" data-e-type=\"container\" data-settings=\"{&quot;background_background&quot;:&quot;classic&quot;,&quot;animation&quot;:&quot;none&quot;}\">\n\t\t\t\t<div class=\"elementor-element elementor-element-1edfdb8 elementor-widget elementor-widget-image\" data-id=\"1edfdb8\" data-element_type=\"widget\" data-e-type=\"widget\" data-settings=\"{&quot;_animation_mobile&quot;:&quot;fadeIn&quot;}\" data-widget_type=\"image.default\">\n\t\t\t\t<div class=\"elementor-widget-container\">\n\t\t\t\t\t\t\t\t\t\t\t\t\t\t\t<img fetchpriority=\"high\" decoding=\"async\" width=\"1024\" height=\"592\" src=\"https:\/\/flargent.com\/wp-content\/uploads\/2023\/01\/PRODUCTOS-3-1024x592.png\" class=\"attachment-large size-large wp-image-2956\" alt=\"\" srcset=\"https:\/\/flargent.com\/wp-content\/uploads\/2023\/01\/PRODUCTOS-3-1024x592.png 1024w, https:\/\/flargent.com\/wp-content\/uploads\/2023\/01\/PRODUCTOS-3-300x173.png 300w, https:\/\/flargent.com\/wp-content\/uploads\/2023\/01\/PRODUCTOS-3-768x444.png 768w, https:\/\/flargent.com\/wp-content\/uploads\/2023\/01\/PRODUCTOS-3.png 1178w\" sizes=\"(max-width: 1024px) 100vw, 1024px\" \/>\t\t\t\t\t\t\t\t\t\t\t\t\t\t\t<\/div>\n\t\t\t\t<\/div>\n\t\t\t\t<div class=\"elementor-element elementor-element-07ce278 elementor-align-center elementor-widget elementor-widget-button\" data-id=\"07ce278\" data-element_type=\"widget\" data-e-type=\"widget\" data-widget_type=\"button.default\">\n\t\t\t\t<div class=\"elementor-widget-container\">\n\t\t\t\t\t\t\t\t\t<div class=\"elementor-button-wrapper\">\n\t\t\t\t\t<a class=\"elementor-button elementor-button-link elementor-size-sm elementor-animation-grow\" href=\"http:\/\/flargent.com\/antorchas-teas-y-sistemas-de-venteo\/#antorchas\">\n\t\t\t\t\t\t<span class=\"elementor-button-content-wrapper\">\n\t\t\t\t\t\t\t\t\t<span class=\"elementor-button-text\">Antorchas, teas y sistemas de venteo<\/span>\n\t\t\t\t\t<\/span>\n\t\t\t\t\t<\/a>\n\t\t\t\t<\/div>\n\t\t\t\t\t\t\t\t<\/div>\n\t\t\t\t<\/div>\n\t\t\t\t<div class=\"elementor-element elementor-element-36fb5c5 elementor-align-center elementor-widget elementor-widget-button\" data-id=\"36fb5c5\" data-element_type=\"widget\" data-e-type=\"widget\" data-widget_type=\"button.default\">\n\t\t\t\t<div class=\"elementor-widget-container\">\n\t\t\t\t\t\t\t\t\t<div class=\"elementor-button-wrapper\">\n\t\t\t\t\t<a class=\"elementor-button elementor-button-link elementor-size-sm elementor-animation-grow\" href=\"http:\/\/flargent.com\/hornos-de-proceso\/#hornos\">\n\t\t\t\t\t\t<span class=\"elementor-button-content-wrapper\">\n\t\t\t\t\t\t\t\t\t<span class=\"elementor-button-text\">Hornos de Proceso<\/span>\n\t\t\t\t\t<\/span>\n\t\t\t\t\t<\/a>\n\t\t\t\t<\/div>\n\t\t\t\t\t\t\t\t<\/div>\n\t\t\t\t<\/div>\n\t\t\t\t<div class=\"elementor-element elementor-element-a49a332 elementor-align-center elementor-widget elementor-widget-button\" data-id=\"a49a332\" data-element_type=\"widget\" data-e-type=\"widget\" data-widget_type=\"button.default\">\n\t\t\t\t<div class=\"elementor-widget-container\">\n\t\t\t\t\t\t\t\t\t<div class=\"elementor-button-wrapper\">\n\t\t\t\t\t<a class=\"elementor-button elementor-button-link elementor-size-sm elementor-animation-grow\" href=\"http:\/\/flargent.com\/reduccion-de-emisiones\/#reduccion\">\n\t\t\t\t\t\t<span class=\"elementor-button-content-wrapper\">\n\t\t\t\t\t\t\t\t\t<span class=\"elementor-button-text\">Reducci\u00f3n de emisiones<\/span>\n\t\t\t\t\t<\/span>\n\t\t\t\t\t<\/a>\n\t\t\t\t<\/div>\n\t\t\t\t\t\t\t\t<\/div>\n\t\t\t\t<\/div>\n\t\t\t\t<div class=\"elementor-element elementor-element-6e3607f elementor-align-center elementor-widget elementor-widget-button\" data-id=\"6e3607f\" data-element_type=\"widget\" data-e-type=\"widget\" data-widget_type=\"button.default\">\n\t\t\t\t<div class=\"elementor-widget-container\">\n\t\t\t\t\t\t\t\t\t<div class=\"elementor-button-wrapper\">\n\t\t\t\t\t<a class=\"elementor-button elementor-button-link elementor-size-sm elementor-animation-grow\" href=\"http:\/\/flargent.com\/desarenadores\/#desarenadores\">\n\t\t\t\t\t\t<span class=\"elementor-button-content-wrapper\">\n\t\t\t\t\t\t\t\t\t<span class=\"elementor-button-text\">DESARENADORES<\/span>\n\t\t\t\t\t<\/span>\n\t\t\t\t\t<\/a>\n\t\t\t\t<\/div>\n\t\t\t\t\t\t\t\t<\/div>\n\t\t\t\t<\/div>\n\t\t\t\t<div class=\"elementor-element elementor-element-480e470 elementor-align-center elementor-widget elementor-widget-button\" data-id=\"480e470\" data-element_type=\"widget\" data-e-type=\"widget\" data-widget_type=\"button.default\">\n\t\t\t\t<div class=\"elementor-widget-container\">\n\t\t\t\t\t\t\t\t\t<div class=\"elementor-button-wrapper\">\n\t\t\t\t\t<a class=\"elementor-button elementor-button-link elementor-size-sm elementor-animation-grow\" href=\"http:\/\/flargent.com\/remocion-de-h2s-sulfatreat\/#remocion\">\n\t\t\t\t\t\t<span class=\"elementor-button-content-wrapper\">\n\t\t\t\t\t\t\t\t\t<span class=\"elementor-button-text\">REMOCI\u00d3N DE h2s - SULFATREAT<\/span>\n\t\t\t\t\t<\/span>\n\t\t\t\t\t<\/a>\n\t\t\t\t<\/div>\n\t\t\t\t\t\t\t\t<\/div>\n\t\t\t\t<\/div>\n\t\t\t\t<div class=\"elementor-element elementor-element-50cc10e elementor-align-center elementor-widget elementor-widget-button\" data-id=\"50cc10e\" data-element_type=\"widget\" data-e-type=\"widget\" data-widget_type=\"button.default\">\n\t\t\t\t<div class=\"elementor-widget-container\">\n\t\t\t\t\t\t\t\t\t<div class=\"elementor-button-wrapper\">\n\t\t\t\t\t<a class=\"elementor-button elementor-button-link elementor-size-sm elementor-animation-grow\" href=\"http:\/\/flargent.com\/tratamiento-de-gas\/#gas\">\n\t\t\t\t\t\t<span class=\"elementor-button-content-wrapper\">\n\t\t\t\t\t\t\t\t\t<span class=\"elementor-button-text\">TRATAMIENTO DE GAS<\/span>\n\t\t\t\t\t<\/span>\n\t\t\t\t\t<\/a>\n\t\t\t\t<\/div>\n\t\t\t\t\t\t\t\t<\/div>\n\t\t\t\t<\/div>\n\t\t\t\t<div class=\"elementor-element elementor-element-ac156b6 elementor-align-center elementor-widget elementor-widget-button\" data-id=\"ac156b6\" data-element_type=\"widget\" data-e-type=\"widget\" data-widget_type=\"button.default\">\n\t\t\t\t<div class=\"elementor-widget-container\">\n\t\t\t\t\t\t\t\t\t<div class=\"elementor-button-wrapper\">\n\t\t\t\t\t<a class=\"elementor-button elementor-button-link elementor-size-sm elementor-animation-grow\" href=\"http:\/\/flargent.com\/tratamiento-de-crudo\/#crudo\">\n\t\t\t\t\t\t<span class=\"elementor-button-content-wrapper\">\n\t\t\t\t\t\t\t\t\t<span class=\"elementor-button-text\">TRATAMIENTO DE CRUDO<\/span>\n\t\t\t\t\t<\/span>\n\t\t\t\t\t<\/a>\n\t\t\t\t<\/div>\n\t\t\t\t\t\t\t\t<\/div>\n\t\t\t\t<\/div>\n\t\t\t\t<div class=\"elementor-element elementor-element-2692abb elementor-align-center elementor-widget elementor-widget-button\" data-id=\"2692abb\" data-element_type=\"widget\" data-e-type=\"widget\" data-widget_type=\"button.default\">\n\t\t\t\t<div class=\"elementor-widget-container\">\n\t\t\t\t\t\t\t\t\t<div class=\"elementor-button-wrapper\">\n\t\t\t\t\t<a class=\"elementor-button elementor-button-link elementor-size-sm elementor-animation-grow\" href=\"http:\/\/flargent.com\/tratamiento-de-agua\/#agua\">\n\t\t\t\t\t\t<span class=\"elementor-button-content-wrapper\">\n\t\t\t\t\t\t\t\t\t<span class=\"elementor-button-text\">TRATAMIENTO DE AGUA<\/span>\n\t\t\t\t\t<\/span>\n\t\t\t\t\t<\/a>\n\t\t\t\t<\/div>\n\t\t\t\t\t\t\t\t<\/div>\n\t\t\t\t<\/div>\n\t\t\t\t<div class=\"elementor-element elementor-element-502febb elementor-align-center elementor-widget elementor-widget-button\" data-id=\"502febb\" data-element_type=\"widget\" data-e-type=\"widget\" data-widget_type=\"button.default\">\n\t\t\t\t<div class=\"elementor-widget-container\">\n\t\t\t\t\t\t\t\t\t<div class=\"elementor-button-wrapper\">\n\t\t\t\t\t<a class=\"elementor-button elementor-button-link elementor-size-sm elementor-animation-grow\" href=\"https:\/\/flargent.com\/energia\/#energia\">\n\t\t\t\t\t\t<span class=\"elementor-button-content-wrapper\">\n\t\t\t\t\t\t\t\t\t<span class=\"elementor-button-text\">ENERG\u00cdA<\/span>\n\t\t\t\t\t<\/span>\n\t\t\t\t\t<\/a>\n\t\t\t\t<\/div>\n\t\t\t\t\t\t\t\t<\/div>\n\t\t\t\t<\/div>\n\t\t\t\t<div class=\"elementor-element elementor-element-2cc794b elementor-align-center elementor-widget elementor-widget-button\" data-id=\"2cc794b\" data-element_type=\"widget\" data-e-type=\"widget\" data-widget_type=\"button.default\">\n\t\t\t\t<div class=\"elementor-widget-container\">\n\t\t\t\t\t\t\t\t\t<div class=\"elementor-button-wrapper\">\n\t\t\t\t\t<a class=\"elementor-button elementor-button-link elementor-size-sm elementor-animation-grow\" href=\"http:\/\/flargent.com\/calentadores\/#calentadores\">\n\t\t\t\t\t\t<span class=\"elementor-button-content-wrapper\">\n\t\t\t\t\t\t\t\t\t<span class=\"elementor-button-text\">CALENTADORES<\/span>\n\t\t\t\t\t<\/span>\n\t\t\t\t\t<\/a>\n\t\t\t\t<\/div>\n\t\t\t\t\t\t\t\t<\/div>\n\t\t\t\t<\/div>\n\t\t\t\t<\/div>\n\t\t<div data-particle_enable=\"false\" data-particle-mobile-disabled=\"false\" class=\"elementor-element elementor-element-b0b3ed9 e-con-full e-flex e-con e-child\" data-id=\"b0b3ed9\" data-element_type=\"container\" data-e-type=\"container\">\n\t\t\t\t<div class=\"elementor-element elementor-element-1aba070 elementor-widget elementor-widget-menu-anchor\" data-id=\"1aba070\" data-element_type=\"widget\" data-e-type=\"widget\" data-widget_type=\"menu-anchor.default\">\n\t\t\t\t<div class=\"elementor-widget-container\">\n\t\t\t\t\t\t\t<div class=\"elementor-menu-anchor\" id=\"desarenadores\"><\/div>\n\t\t\t\t\t\t<\/div>\n\t\t\t\t<\/div>\n\t\t\t\t<div class=\"elementor-element elementor-element-92c6467 elementor-widget elementor-widget-spacer\" data-id=\"92c6467\" data-element_type=\"widget\" data-e-type=\"widget\" data-widget_type=\"spacer.default\">\n\t\t\t\t<div class=\"elementor-widget-container\">\n\t\t\t\t\t\t\t<div class=\"elementor-spacer\">\n\t\t\t<div class=\"elementor-spacer-inner\"><\/div>\n\t\t<\/div>\n\t\t\t\t\t\t<\/div>\n\t\t\t\t<\/div>\n\t\t\t\t<div class=\"elementor-element elementor-element-62bd9dd elementor-widget elementor-widget-heading\" data-id=\"62bd9dd\" data-element_type=\"widget\" data-e-type=\"widget\" data-widget_type=\"heading.default\">\n\t\t\t\t<div class=\"elementor-widget-container\">\n\t\t\t\t\t<h2 class=\"elementor-heading-title elementor-size-default\">DESARENADORES CICL\u00d3NICOS<\/h2>\t\t\t\t<\/div>\n\t\t\t\t<\/div>\n\t\t\t\t<div class=\"elementor-element elementor-element-6b25113 elementor-widget elementor-widget-text-editor\" data-id=\"6b25113\" data-element_type=\"widget\" data-e-type=\"widget\" data-widget_type=\"text-editor.default\">\n\t\t\t\t<div class=\"elementor-widget-container\">\n\t\t\t\t\t\t\t\t\t<p style=\"text-align: center;\">Para filtrar corrientes de gas y bif\u00e1sicas que contienen arena y otros s\u00f3lidos, Flargent ofrece desarenadores cicl\u00f3nicos capaces de retener hasta el 99% de part\u00edculas s\u00f3lidas de <br \/>100 micrones de di\u00e1metro.<\/p>\t\t\t\t\t\t\t\t<\/div>\n\t\t\t\t<\/div>\n\t\t\t\t<div class=\"elementor-element elementor-element-b43dcd7 elementor-widget elementor-widget-gallery\" data-id=\"b43dcd7\" data-element_type=\"widget\" data-e-type=\"widget\" data-settings=\"{&quot;columns&quot;:2,&quot;columns_mobile&quot;:2,&quot;gap&quot;:{&quot;unit&quot;:&quot;px&quot;,&quot;size&quot;:5,&quot;sizes&quot;:[]},&quot;aspect_ratio&quot;:&quot;4:3&quot;,&quot;gap_mobile&quot;:{&quot;unit&quot;:&quot;px&quot;,&quot;size&quot;:3,&quot;sizes&quot;:[]},&quot;lazyload&quot;:&quot;yes&quot;,&quot;gallery_layout&quot;:&quot;grid&quot;,&quot;columns_tablet&quot;:2,&quot;gap_widescreen&quot;:{&quot;unit&quot;:&quot;px&quot;,&quot;size&quot;:&quot;&quot;,&quot;sizes&quot;:[]},&quot;gap_laptop&quot;:{&quot;unit&quot;:&quot;px&quot;,&quot;size&quot;:10,&quot;sizes&quot;:[]},&quot;gap_tablet&quot;:{&quot;unit&quot;:&quot;px&quot;,&quot;size&quot;:10,&quot;sizes&quot;:[]},&quot;link_to&quot;:&quot;file&quot;,&quot;overlay_background&quot;:&quot;yes&quot;,&quot;content_hover_animation&quot;:&quot;fade-in&quot;}\" data-widget_type=\"gallery.default\">\n\t\t\t\t<div class=\"elementor-widget-container\">\n\t\t\t\t\t\t\t<div class=\"elementor-gallery__container\">\r\n\t\t\t\t\t\t\t<a class=\"e-gallery-item elementor-gallery-item elementor-animated-content\" href=\"https:\/\/flargent.com\/wp-content\/uploads\/2023\/04\/Clean-Upmin.jpg\" data-elementor-open-lightbox=\"yes\" data-elementor-lightbox-slideshow=\"b43dcd7\" data-elementor-lightbox-title=\"Clean-Upmin\" data-e-action-hash=\"#elementor-action%3Aaction%3Dlightbox%26settings%3DeyJpZCI6NjU5OCwidXJsIjoiaHR0cHM6XC9cL2ZsYXJnZW50LmNvbVwvd3AtY29udGVudFwvdXBsb2Fkc1wvMjAyM1wvMDRcL0NsZWFuLVVwbWluLmpwZyIsInNsaWRlc2hvdyI6ImI0M2RjZDcifQ%3D%3D\">\r\n\t\t\t\t\t<div class=\"e-gallery-image elementor-gallery-item__image\" data-thumbnail=\"https:\/\/flargent.com\/wp-content\/uploads\/2023\/04\/Clean-Upmin-768x302.jpg\" data-width=\"768\" data-height=\"302\" aria-label=\"clean up pozos\" role=\"img\" ><\/div>\r\n\t\t\t\t\t\t\t\t\t\t\t<div class=\"elementor-gallery-item__overlay\"><\/div>\r\n\t\t\t\t\t\t\t\t\t\t\t\t\t\t<\/a>\r\n\t\t\t\t\t\t\t<a class=\"e-gallery-item elementor-gallery-item elementor-animated-content\" href=\"https:\/\/flargent.com\/wp-content\/uploads\/2023\/04\/mindesarenador.jpg\" data-elementor-open-lightbox=\"yes\" data-elementor-lightbox-slideshow=\"b43dcd7\" data-elementor-lightbox-title=\"mindesarenador\" data-e-action-hash=\"#elementor-action%3Aaction%3Dlightbox%26settings%3DeyJpZCI6NjU5OSwidXJsIjoiaHR0cHM6XC9cL2ZsYXJnZW50LmNvbVwvd3AtY29udGVudFwvdXBsb2Fkc1wvMjAyM1wvMDRcL21pbmRlc2FyZW5hZG9yLmpwZyIsInNsaWRlc2hvdyI6ImI0M2RjZDcifQ%3D%3D\">\r\n\t\t\t\t\t<div class=\"e-gallery-image elementor-gallery-item__image\" data-thumbnail=\"https:\/\/flargent.com\/wp-content\/uploads\/2023\/04\/mindesarenador-768x1024.jpg\" data-width=\"768\" data-height=\"1024\" aria-label=\"Desarenador ciclonico\" role=\"img\" ><\/div>\r\n\t\t\t\t\t\t\t\t\t\t\t<div class=\"elementor-gallery-item__overlay\"><\/div>\r\n\t\t\t\t\t\t\t\t\t\t\t\t\t\t<\/a>\r\n\t\t\t\t\t<\/div>\r\n\t\t\t\t\t<\/div>\n\t\t\t\t<\/div>\n\t\t\t\t<div class=\"elementor-element elementor-element-9642869 elementor-widget elementor-widget-text-editor\" data-id=\"9642869\" data-element_type=\"widget\" data-e-type=\"widget\" data-widget_type=\"text-editor.default\">\n\t\t\t\t<div class=\"elementor-widget-container\">\n\t\t\t\t\t\t\t\t\t<p style=\"text-align: center;\">Si bien su uso est\u00e1 muy difundido como elemento en boca de pozo en formaciones que requieren fracturas hidr\u00e1ulicas, tambi\u00e9n pueden ser empleados a la entrada de plantas de gas o en plantas compresoras, como elementos de protecci\u00f3n.<\/p><p style=\"text-align: center;\">Esta tecnolog\u00eda utiliza la fuerza centr\u00edfuga que se genera en el cicl\u00f3n, que fuerza a las part\u00edculas de mayor tama\u00f1o a segregarse de la corriente a tratar.<\/p><p style=\"text-align: center;\">La purga de los equipos puede ser manual o automatizada,<br \/>mejorando la seguridad de la operaci\u00f3n.<\/p>\t\t\t\t\t\t\t\t<\/div>\n\t\t\t\t<\/div>\n\t\t\t\t<\/div>\n\t\t\t\t\t<\/div>\n\t\t\t\t<\/div>\n\t\t\t\t<\/div>\n\t\t","protected":false},"excerpt":{"rendered":"<p>Antorchas, teas y sistemas de venteo Hornos de Proceso Reducci\u00f3n de emisiones DESARENADORES REMOCI\u00d3N DE h2s &#8211; SULFATREAT TRATAMIENTO DE GAS TRATAMIENTO DE CRUDO TRATAMIENTO DE AGUA ENERG\u00cdA CALENTADORES DESARENADORES CICL\u00d3NICOS Para filtrar corrientes de gas y bif\u00e1sicas que contienen arena y otros s\u00f3lidos, Flargent ofrece desarenadores cicl\u00f3nicos capaces de retener hasta el 99% de&hellip;&nbsp;<a href=\"https:\/\/flargent.com\/en\/desarenadores\/\" rel=\"bookmark\">Read More &raquo;<span class=\"screen-reader-text\">Desarenadores<\/span><\/a><\/p>","protected":false},"author":1,"featured_media":0,"parent":0,"menu_order":0,"comment_status":"closed","ping_status":"closed","template":"page-templates\/template-pagebuilder-full-width.php","meta":{"neve_meta_sidebar":"","neve_meta_container":"","neve_meta_enable_content_width":"","neve_meta_content_width":0,"neve_meta_title_alignment":"","neve_meta_author_avatar":"","neve_post_elements_order":"","neve_meta_disable_header":"","neve_meta_disable_footer":"","neve_meta_disable_title":"on","neve_meta_reading_time":"","footnotes":""},"class_list":["post-963","page","type-page","status-publish","hentry"],"yoast_head":"<!-- This site is optimized with the Yoast SEO Premium plugin v25.2 (Yoast SEO v27.2) - https:\/\/yoast.com\/product\/yoast-seo-premium-wordpress\/ -->\n<title>Desarenadores - Flargent<\/title>\n<meta name=\"robots\" content=\"index, follow, max-snippet:-1, max-image-preview:large, max-video-preview:-1\" \/>\n<link rel=\"canonical\" href=\"https:\/\/flargent.com\/en\/desarenadores\/\" \/>\n<meta property=\"og:locale\" content=\"en_US\" \/>\n<meta property=\"og:type\" content=\"article\" \/>\n<meta property=\"og:title\" content=\"Desarenadores\" \/>\n<meta property=\"og:description\" content=\"Antorchas, teas y sistemas de venteo Hornos de Proceso Reducci\u00f3n de emisiones DESARENADORES REMOCI\u00d3N DE h2s &#8211; SULFATREAT TRATAMIENTO DE GAS TRATAMIENTO DE CRUDO TRATAMIENTO DE AGUA ENERG\u00cdA CALENTADORES DESARENADORES CICL\u00d3NICOS Para filtrar corrientes de gas y bif\u00e1sicas que contienen arena y otros s\u00f3lidos, Flargent ofrece desarenadores cicl\u00f3nicos capaces de retener hasta el 99% de&hellip;&nbsp;Read More &raquo;Desarenadores\" \/>\n<meta property=\"og:url\" content=\"https:\/\/flargent.com\/en\/desarenadores\/\" \/>\n<meta property=\"og:site_name\" content=\"Flargent\" \/>\n<meta property=\"article:modified_time\" content=\"2025-02-14T05:42:26+00:00\" \/>\n<meta property=\"og:image\" content=\"https:\/\/flargent.com\/wp-content\/uploads\/2023\/01\/PRODUCTOS-3.png\" \/>\n\t<meta property=\"og:image:width\" content=\"1178\" \/>\n\t<meta property=\"og:image:height\" content=\"681\" \/>\n\t<meta property=\"og:image:type\" content=\"image\/png\" \/>\n<meta name=\"twitter:card\" content=\"summary_large_image\" \/>\n<meta name=\"twitter:label1\" content=\"Est. reading time\" \/>\n\t<meta name=\"twitter:data1\" content=\"1 minute\" \/>\n<script type=\"application\/ld+json\" class=\"yoast-schema-graph\">{\"@context\":\"https:\/\/schema.org\",\"@graph\":[{\"@type\":\"WebPage\",\"@id\":\"https:\/\/flargent.com\/desarenadores\/\",\"url\":\"https:\/\/flargent.com\/desarenadores\/\",\"name\":\"Desarenadores - Flargent\",\"isPartOf\":{\"@id\":\"https:\/\/flargent.com\/#website\"},\"primaryImageOfPage\":{\"@id\":\"https:\/\/flargent.com\/desarenadores\/#primaryimage\"},\"image\":{\"@id\":\"https:\/\/flargent.com\/desarenadores\/#primaryimage\"},\"thumbnailUrl\":\"https:\/\/flargent.com\/wp-content\/uploads\/2023\/01\/PRODUCTOS-3-1024x592.png\",\"datePublished\":\"2022-12-05T20:42:06+00:00\",\"dateModified\":\"2025-02-14T05:42:26+00:00\",\"breadcrumb\":{\"@id\":\"https:\/\/flargent.com\/desarenadores\/#breadcrumb\"},\"inLanguage\":\"en-US\",\"potentialAction\":[{\"@type\":\"ReadAction\",\"target\":[\"https:\/\/flargent.com\/desarenadores\/\"]}]},{\"@type\":\"ImageObject\",\"inLanguage\":\"en-US\",\"@id\":\"https:\/\/flargent.com\/desarenadores\/#primaryimage\",\"url\":\"https:\/\/flargent.com\/wp-content\/uploads\/2023\/01\/PRODUCTOS-3-1024x592.png\",\"contentUrl\":\"https:\/\/flargent.com\/wp-content\/uploads\/2023\/01\/PRODUCTOS-3-1024x592.png\"},{\"@type\":\"BreadcrumbList\",\"@id\":\"https:\/\/flargent.com\/desarenadores\/#breadcrumb\",\"itemListElement\":[{\"@type\":\"ListItem\",\"position\":1,\"name\":\"Home\",\"item\":\"https:\/\/flargent.com\/\"},{\"@type\":\"ListItem\",\"position\":2,\"name\":\"Desarenadores\"}]},{\"@type\":\"WebSite\",\"@id\":\"https:\/\/flargent.com\/#website\",\"url\":\"https:\/\/flargent.com\/\",\"name\":\"Flargent\",\"description\":\"\",\"publisher\":{\"@id\":\"https:\/\/flargent.com\/#organization\"},\"potentialAction\":[{\"@type\":\"SearchAction\",\"target\":{\"@type\":\"EntryPoint\",\"urlTemplate\":\"https:\/\/flargent.com\/?s={search_term_string}\"},\"query-input\":{\"@type\":\"PropertyValueSpecification\",\"valueRequired\":true,\"valueName\":\"search_term_string\"}}],\"inLanguage\":\"en-US\"},{\"@type\":\"Organization\",\"@id\":\"https:\/\/flargent.com\/#organization\",\"name\":\"Flargent\",\"url\":\"https:\/\/flargent.com\/\",\"logo\":{\"@type\":\"ImageObject\",\"inLanguage\":\"en-US\",\"@id\":\"https:\/\/flargent.com\/#\/schema\/logo\/image\/\",\"url\":\"https:\/\/flargent.com\/wp-content\/uploads\/2022\/11\/cropped-cropped-Isologo-FGT_fullcolor.png\",\"contentUrl\":\"https:\/\/flargent.com\/wp-content\/uploads\/2022\/11\/cropped-cropped-Isologo-FGT_fullcolor.png\",\"width\":200,\"height\":63,\"caption\":\"Flargent\"},\"image\":{\"@id\":\"https:\/\/flargent.com\/#\/schema\/logo\/image\/\"}}]}<\/script>\n<!-- \/ Yoast SEO Premium plugin. -->","yoast_head_json":{"title":"Desarenadores - Flargent","robots":{"index":"index","follow":"follow","max-snippet":"max-snippet:-1","max-image-preview":"max-image-preview:large","max-video-preview":"max-video-preview:-1"},"canonical":"https:\/\/flargent.com\/en\/desarenadores\/","og_locale":"en_US","og_type":"article","og_title":"Desarenadores","og_description":"Antorchas, teas y sistemas de venteo Hornos de Proceso Reducci\u00f3n de emisiones DESARENADORES REMOCI\u00d3N DE h2s &#8211; SULFATREAT TRATAMIENTO DE GAS TRATAMIENTO DE CRUDO TRATAMIENTO DE AGUA ENERG\u00cdA CALENTADORES DESARENADORES CICL\u00d3NICOS Para filtrar corrientes de gas y bif\u00e1sicas que contienen arena y otros s\u00f3lidos, Flargent ofrece desarenadores cicl\u00f3nicos capaces de retener hasta el 99% de&hellip;&nbsp;Read More &raquo;Desarenadores","og_url":"https:\/\/flargent.com\/en\/desarenadores\/","og_site_name":"Flargent","article_modified_time":"2025-02-14T05:42:26+00:00","og_image":[{"width":1178,"height":681,"url":"https:\/\/flargent.com\/wp-content\/uploads\/2023\/01\/PRODUCTOS-3.png","type":"image\/png"}],"twitter_card":"summary_large_image","twitter_misc":{"Est. reading time":"1 minute"},"schema":{"@context":"https:\/\/schema.org","@graph":[{"@type":"WebPage","@id":"https:\/\/flargent.com\/desarenadores\/","url":"https:\/\/flargent.com\/desarenadores\/","name":"Desarenadores - Flargent","isPartOf":{"@id":"https:\/\/flargent.com\/#website"},"primaryImageOfPage":{"@id":"https:\/\/flargent.com\/desarenadores\/#primaryimage"},"image":{"@id":"https:\/\/flargent.com\/desarenadores\/#primaryimage"},"thumbnailUrl":"https:\/\/flargent.com\/wp-content\/uploads\/2023\/01\/PRODUCTOS-3-1024x592.png","datePublished":"2022-12-05T20:42:06+00:00","dateModified":"2025-02-14T05:42:26+00:00","breadcrumb":{"@id":"https:\/\/flargent.com\/desarenadores\/#breadcrumb"},"inLanguage":"en-US","potentialAction":[{"@type":"ReadAction","target":["https:\/\/flargent.com\/desarenadores\/"]}]},{"@type":"ImageObject","inLanguage":"en-US","@id":"https:\/\/flargent.com\/desarenadores\/#primaryimage","url":"https:\/\/flargent.com\/wp-content\/uploads\/2023\/01\/PRODUCTOS-3-1024x592.png","contentUrl":"https:\/\/flargent.com\/wp-content\/uploads\/2023\/01\/PRODUCTOS-3-1024x592.png"},{"@type":"BreadcrumbList","@id":"https:\/\/flargent.com\/desarenadores\/#breadcrumb","itemListElement":[{"@type":"ListItem","position":1,"name":"Home","item":"https:\/\/flargent.com\/"},{"@type":"ListItem","position":2,"name":"Desarenadores"}]},{"@type":"WebSite","@id":"https:\/\/flargent.com\/#website","url":"https:\/\/flargent.com\/","name":"Flargent","description":"","publisher":{"@id":"https:\/\/flargent.com\/#organization"},"potentialAction":[{"@type":"SearchAction","target":{"@type":"EntryPoint","urlTemplate":"https:\/\/flargent.com\/?s={search_term_string}"},"query-input":{"@type":"PropertyValueSpecification","valueRequired":true,"valueName":"search_term_string"}}],"inLanguage":"en-US"},{"@type":"Organization","@id":"https:\/\/flargent.com\/#organization","name":"Flargent","url":"https:\/\/flargent.com\/","logo":{"@type":"ImageObject","inLanguage":"en-US","@id":"https:\/\/flargent.com\/#\/schema\/logo\/image\/","url":"https:\/\/flargent.com\/wp-content\/uploads\/2022\/11\/cropped-cropped-Isologo-FGT_fullcolor.png","contentUrl":"https:\/\/flargent.com\/wp-content\/uploads\/2022\/11\/cropped-cropped-Isologo-FGT_fullcolor.png","width":200,"height":63,"caption":"Flargent"},"image":{"@id":"https:\/\/flargent.com\/#\/schema\/logo\/image\/"}}]}},"_links":{"self":[{"href":"https:\/\/flargent.com\/en\/wp-json\/wp\/v2\/pages\/963","targetHints":{"allow":["GET"]}}],"collection":[{"href":"https:\/\/flargent.com\/en\/wp-json\/wp\/v2\/pages"}],"about":[{"href":"https:\/\/flargent.com\/en\/wp-json\/wp\/v2\/types\/page"}],"author":[{"embeddable":true,"href":"https:\/\/flargent.com\/en\/wp-json\/wp\/v2\/users\/1"}],"replies":[{"embeddable":true,"href":"https:\/\/flargent.com\/en\/wp-json\/wp\/v2\/comments?post=963"}],"version-history":[{"count":88,"href":"https:\/\/flargent.com\/en\/wp-json\/wp\/v2\/pages\/963\/revisions"}],"predecessor-version":[{"id":8580,"href":"https:\/\/flargent.com\/en\/wp-json\/wp\/v2\/pages\/963\/revisions\/8580"}],"wp:attachment":[{"href":"https:\/\/flargent.com\/en\/wp-json\/wp\/v2\/media?parent=963"}],"curies":[{"name":"wp","href":"https:\/\/api.w.org\/{rel}","templated":true}]}}