{"id":69,"date":"2022-11-15T20:12:06","date_gmt":"2022-11-15T20:12:06","guid":{"rendered":"http:\/\/flargent.7kb.net\/?page_id=69"},"modified":"2025-01-28T03:22:38","modified_gmt":"2025-01-28T03:22:38","slug":"flargent-careers","status":"publish","type":"page","link":"https:\/\/flargent.com\/en\/flargent-careers\/","title":{"rendered":"JOIN US"},"content":{"rendered":"\t\t<div data-elementor-type=\"wp-page\" data-elementor-id=\"69\" class=\"elementor elementor-69\" data-elementor-post-type=\"page\">\n\t\t\t\t<div data-particle_enable=\"false\" data-particle-mobile-disabled=\"false\" class=\"elementor-element elementor-element-118eff6 e-con-full e-flex e-con e-parent\" data-id=\"118eff6\" data-element_type=\"container\" data-e-type=\"container\" data-settings=\"{&quot;background_background&quot;:&quot;classic&quot;,&quot;motion_fx_motion_fx_scrolling&quot;:&quot;yes&quot;,&quot;motion_fx_devices&quot;:[&quot;widescreen&quot;,&quot;desktop&quot;,&quot;laptop&quot;,&quot;tablet&quot;,&quot;mobile&quot;]}\">\n\t\t<div data-particle_enable=\"false\" data-particle-mobile-disabled=\"false\" class=\"elementor-element elementor-element-3c8ae52 e-con-full e-flex e-con e-child\" data-id=\"3c8ae52\" data-element_type=\"container\" data-e-type=\"container\">\n\t\t\t\t<div class=\"elementor-element elementor-element-ac659f0 animated-slow elementor-invisible elementor-widget elementor-widget-heading\" data-id=\"ac659f0\" data-element_type=\"widget\" data-e-type=\"widget\" data-settings=\"{&quot;_animation&quot;:&quot;zoomIn&quot;}\" data-widget_type=\"heading.default\">\n\t\t\t\t<div class=\"elementor-widget-container\">\n\t\t\t\t\t<h2 class=\"elementor-heading-title elementor-size-default\">bienvenidos<\/h2>\t\t\t\t<\/div>\n\t\t\t\t<\/div>\n\t\t\t\t<\/div>\n\t\t\t\t<\/div>\n\t\t<div data-particle_enable=\"false\" data-particle-mobile-disabled=\"false\" class=\"elementor-element elementor-element-5779a18 e-flex e-con-boxed e-con e-parent\" data-id=\"5779a18\" data-element_type=\"container\" data-e-type=\"container\" data-settings=\"{&quot;background_background&quot;:&quot;classic&quot;,&quot;animation_mobile&quot;:&quot;none&quot;}\">\n\t\t\t\t\t<div class=\"e-con-inner\">\n\t\t<div data-particle_enable=\"false\" data-particle-mobile-disabled=\"false\" class=\"elementor-element elementor-element-b627f29 e-con-full e-flex e-con e-child\" data-id=\"b627f29\" data-element_type=\"container\" data-e-type=\"container\">\n\t\t\t\t<div class=\"elementor-element elementor-element-0e6a5a7 elementor-widget elementor-widget-spacer\" data-id=\"0e6a5a7\" data-element_type=\"widget\" data-e-type=\"widget\" data-widget_type=\"spacer.default\">\n\t\t\t\t<div class=\"elementor-widget-container\">\n\t\t\t\t\t\t\t<div class=\"elementor-spacer\">\n\t\t\t<div class=\"elementor-spacer-inner\"><\/div>\n\t\t<\/div>\n\t\t\t\t\t\t<\/div>\n\t\t\t\t<\/div>\n\t\t\t\t<div class=\"elementor-element elementor-element-755e3a1 elementor-widget elementor-widget-heading\" data-id=\"755e3a1\" data-element_type=\"widget\" data-e-type=\"widget\" data-widget_type=\"heading.default\">\n\t\t\t\t<div class=\"elementor-widget-container\">\n\t\t\t\t\t<h2 class=\"elementor-heading-title elementor-size-default\">EL DESAF\u00cdO FLARGENT<\/h2>\t\t\t\t<\/div>\n\t\t\t\t<\/div>\n\t\t\t\t<div class=\"elementor-element elementor-element-0280315 elementor-invisible elementor-widget elementor-widget-text-editor\" data-id=\"0280315\" data-element_type=\"widget\" data-e-type=\"widget\" data-settings=\"{&quot;_animation&quot;:&quot;fadeInUp&quot;}\" data-widget_type=\"text-editor.default\">\n\t\t\t\t<div class=\"elementor-widget-container\">\n\t\t\t\t\t\t\t\t\t<p style=\"text-align: center;\">Brindamos soluciones tecnol\u00f3gicas integrales para la industria del petr\u00f3leo, del gas y de la energ\u00eda, que pone en movimiento al pa\u00eds. Somos una compa\u00f1\u00eda l\u00edder en Argentina y en la regi\u00f3n.<\/p><p style=\"text-align: center;\">Te invitamos a impulsar tu desarrollo personal y profesional en una compa\u00f1\u00eda en constante crecimiento, con un buen clima laboral, con excelentes resultados sustentables a lo largo del tiempo, y con colaboradores comprometidos y <br \/>orgullosos de pertenecer.<\/p><p style=\"text-align: center;\">Asumimos el compromiso de implementar pol\u00edticas de diversidad, equidad e inclusi\u00f3n, y promovemos la cultura del trabajo en equipo, el respeto y la igualdad de oportunidades laborales.<\/p>\t\t\t\t\t\t\t\t<\/div>\n\t\t\t\t<\/div>\n\t\t\t\t<div class=\"elementor-element elementor-element-9aefdbd elementor-widget-divider--view-line elementor-widget elementor-widget-divider\" data-id=\"9aefdbd\" data-element_type=\"widget\" data-e-type=\"widget\" data-widget_type=\"divider.default\">\n\t\t\t\t<div class=\"elementor-widget-container\">\n\t\t\t\t\t\t\t<div class=\"elementor-divider\">\n\t\t\t<span class=\"elementor-divider-separator\">\n\t\t\t\t\t\t<\/span>\n\t\t<\/div>\n\t\t\t\t\t\t<\/div>\n\t\t\t\t<\/div>\n\t\t\t\t<div class=\"elementor-element elementor-element-aa2e0e6 elementor-invisible elementor-widget elementor-widget-text-editor\" data-id=\"aa2e0e6\" data-element_type=\"widget\" data-e-type=\"widget\" data-settings=\"{&quot;_animation&quot;:&quot;fadeIn&quot;}\" data-widget_type=\"text-editor.default\">\n\t\t\t\t<div class=\"elementor-widget-container\">\n\t\t\t\t\t\t\t\t\t<p style=\"text-align: center;\"><strong>Te estamos buscando, sumate a una nueva experiencia y carg\u00e1 tu CV.<\/strong><\/p>\t\t\t\t\t\t\t\t<\/div>\n\t\t\t\t<\/div>\n\t\t\t\t<div class=\"elementor-element elementor-element-7f12b29 elementor-invisible elementor-widget elementor-widget-text-editor\" data-id=\"7f12b29\" data-element_type=\"widget\" data-e-type=\"widget\" data-settings=\"{&quot;_animation&quot;:&quot;fadeIn&quot;}\" data-widget_type=\"text-editor.default\">\n\t\t\t\t<div class=\"elementor-widget-container\">\n\t\t\t\t\t\t\t\t\t<p style=\"text-align: center;\"><strong>Seguinos y conoc\u00e9 todas nuestras novedades y los puestos vacantes.<\/strong><\/p>\t\t\t\t\t\t\t\t<\/div>\n\t\t\t\t<\/div>\n\t\t<div data-particle_enable=\"false\" data-particle-mobile-disabled=\"false\" class=\"elementor-element elementor-element-5819891 e-con-full e-flex e-con e-child\" data-id=\"5819891\" data-element_type=\"container\" data-e-type=\"container\" data-settings=\"{&quot;background_background&quot;:&quot;classic&quot;}\">\n\t\t<div data-particle_enable=\"false\" data-particle-mobile-disabled=\"false\" class=\"elementor-element elementor-element-77a07ca e-con-full e-flex e-con e-child\" data-id=\"77a07ca\" data-element_type=\"container\" data-e-type=\"container\">\n\t\t\t\t<div class=\"elementor-element elementor-element-73fcb8b elementor-position-top elementor-invisible elementor-widget elementor-widget-image-box\" data-id=\"73fcb8b\" data-element_type=\"widget\" data-e-type=\"widget\" data-settings=\"{&quot;_animation&quot;:&quot;fadeIn&quot;}\" data-widget_type=\"image-box.default\">\n\t\t\t\t<div class=\"elementor-widget-container\">\n\t\t\t\t\t<div class=\"elementor-image-box-wrapper\"><figure class=\"elementor-image-box-img\"><a href=\"https:\/\/www.linkedin.com\/company\/flargent\/?originalSubdomain=ar\" tabindex=\"-1\"><img fetchpriority=\"high\" decoding=\"async\" width=\"279\" height=\"300\" src=\"https:\/\/flargent.com\/wp-content\/uploads\/2023\/02\/logo-linkedin-300px.png\" class=\"elementor-animation-grow attachment-full size-full wp-image-6319\" alt=\"\" srcset=\"https:\/\/flargent.com\/wp-content\/uploads\/2023\/02\/logo-linkedin-300px.png 279w, https:\/\/flargent.com\/wp-content\/uploads\/2023\/02\/logo-linkedin-300px-11x12.png 11w\" sizes=\"(max-width: 279px) 100vw, 279px\" \/><\/a><\/figure><div class=\"elementor-image-box-content\"><h3 class=\"elementor-image-box-title\"><a href=\"https:\/\/www.linkedin.com\/company\/flargent\/?originalSubdomain=ar\">Visit\u00e1 nuestro perfil de Linkedin<\/a><\/h3><\/div><\/div>\t\t\t\t<\/div>\n\t\t\t\t<\/div>\n\t\t\t\t<\/div>\n\t\t\t\t<\/div>\n\t\t\t\t<div class=\"elementor-element elementor-element-c8a3159 elementor-widget-divider--view-line elementor-widget elementor-widget-divider\" data-id=\"c8a3159\" data-element_type=\"widget\" data-e-type=\"widget\" data-widget_type=\"divider.default\">\n\t\t\t\t<div class=\"elementor-widget-container\">\n\t\t\t\t\t\t\t<div class=\"elementor-divider\">\n\t\t\t<span class=\"elementor-divider-separator\">\n\t\t\t\t\t\t<\/span>\n\t\t<\/div>\n\t\t\t\t\t\t<\/div>\n\t\t\t\t<\/div>\n\t\t\t\t<\/div>\n\t\t\t\t\t<\/div>\n\t\t\t\t<\/div>\n\t\t<div data-particle_enable=\"false\" data-particle-mobile-disabled=\"false\" class=\"elementor-element elementor-element-c2399a8 animated-slow e-flex e-con-boxed elementor-invisible e-con e-parent\" data-id=\"c2399a8\" data-element_type=\"container\" data-e-type=\"container\" data-settings=\"{&quot;background_background&quot;:&quot;classic&quot;,&quot;animation&quot;:&quot;fadeInUp&quot;}\">\n\t\t\t\t\t<div class=\"e-con-inner\">\n\t\t<div data-particle_enable=\"false\" data-particle-mobile-disabled=\"false\" class=\"elementor-element elementor-element-842aec8 e-con-full e-flex e-con e-child\" data-id=\"842aec8\" data-element_type=\"container\" data-e-type=\"container\">\n\t\t\t\t<div class=\"elementor-element elementor-element-7c6d127 elementor-invisible elementor-widget elementor-widget-text-editor\" data-id=\"7c6d127\" data-element_type=\"widget\" data-e-type=\"widget\" data-settings=\"{&quot;_animation&quot;:&quot;fadeIn&quot;}\" data-widget_type=\"text-editor.default\">\n\t\t\t\t<div class=\"elementor-widget-container\">\n\t\t\t\t\t\t\t\t\t<p style=\"text-align: center;\"><strong><span style=\"vertical-align: inherit;\"><span style=\"vertical-align: inherit;\">\u00bfNo hay ninguna b\u00fasqueda que se adapte a tu perfil?<\/span><\/span><\/strong><\/p><p style=\"text-align: center;\"><strong>No importa, queremos conocerte. Dejanos tu CV.<\/strong><\/p>\t\t\t\t\t\t\t\t<\/div>\n\t\t\t\t<\/div>\n\t\t\t\t<div class=\"elementor-element elementor-element-f2da460 elementor-widget__width-initial eael-wpforms-labels-yes eael-wpforms-form-button-custom elementor-widget elementor-widget-eael-wpforms\" data-id=\"f2da460\" data-element_type=\"widget\" data-e-type=\"widget\" data-widget_type=\"eael-wpforms.default\">\n\t\t\t\t<div class=\"elementor-widget-container\">\n\t\t\t\t\t            <div class=\"eael-contact-form eael-wpforms eael-wpforms-align-center\">\n                                <div class=\"wpforms-container wpforms-container-full wpforms-render-modern\" id=\"wpforms-6927\"><form id=\"wpforms-form-6927\" class=\"wpforms-validate wpforms-form wpforms-ajax-form\" data-formid=\"6927\" method=\"post\" enctype=\"multipart\/form-data\" action=\"\/en\/wp-json\/wp\/v2\/pages\/69?wpforms_form_id=6927\" data-token=\"24e5d3fa99a9d9d8a3b7061da63243a1\"><div class=\"wpforms-head-container\"><\/div><noscript class=\"wpforms-error-noscript\">Please enable JavaScript in your browser to complete this form.<\/noscript><div class=\"wpforms-hidden\" id=\"wpforms-error-noscript\">Please enable JavaScript in your browser to complete this form.<\/div><div class=\"wpforms-field-container\"><div id=\"wpforms-6927-field_1-container\" class=\"wpforms-field wpforms-field-name\" data-field-id=\"1\"><label class=\"wpforms-field-label wpforms-label-hide\" for=\"wpforms-6927-field_1\" aria-hidden=\"false\">Nombre y Apellido <span class=\"wpforms-required-label\" aria-hidden=\"true\">*<\/span><\/label><input type=\"text\" id=\"wpforms-6927-field_1\" class=\"wpforms-field-small wpforms-field-required\" name=\"wpforms[fields][1]\" placeholder=\"NOMBRE Y APELLIDO*\" aria-errormessage=\"wpforms-6927-field_1-error\" required><\/div><div id=\"wpforms-6927-field_2-container\" class=\"wpforms-field wpforms-field-email\" data-field-id=\"2\"><label class=\"wpforms-field-label wpforms-label-hide\" for=\"wpforms-6927-field_2\" aria-hidden=\"false\">Email <span class=\"wpforms-required-label\" aria-hidden=\"true\">*<\/span><\/label><input type=\"email\" id=\"wpforms-6927-field_2\" class=\"wpforms-field-small wpforms-field-required\" name=\"wpforms[fields][2]\" placeholder=\"EMAIL*\" spellcheck=\"false\" aria-errormessage=\"wpforms-6927-field_2-error\" required><\/div><div id=\"wpforms-6927-field_3-container\" class=\"wpforms-field wpforms-field-file-upload\" data-field-id=\"3\"><label class=\"wpforms-field-label wpforms-label-hide\" for=\"wpforms-6927-field_3\" aria-hidden=\"false\">Archivo <span class=\"wpforms-required-label\" aria-hidden=\"true\">*<\/span><\/label><input type=\"file\" id=\"wpforms-6927-field_3\" class=\"wpforms-field-required\" data-rule-extension=\"pdf\" data-rule-maxsize=\"16777216\" name=\"wpforms_6927_3\" accept=\".pdf\" aria-errormessage=\"wpforms-6927-field_3-error\" aria-describedby=\"wpforms-6927-field_3-description\" required><div id=\"wpforms-6927-field_3-description\" class=\"wpforms-field-description\">Formato admitido: PDF<\/div><\/div><\/div><!-- .wpforms-field-container --><div class=\"wpforms-submit-container\" ><input type=\"hidden\" name=\"wpforms[id]\" value=\"6927\"><input type=\"hidden\" name=\"wpforms[author]\" value=\"1\"><button type=\"submit\" name=\"wpforms[submit]\" id=\"wpforms-submit-6927\" class=\"wpforms-submit\" data-alt-text=\"Enviando..\" data-submit-text=\"Carg\u00e1 tu CV\" aria-live=\"assertive\" value=\"wpforms-submit\">Carg\u00e1 tu CV<\/button><img decoding=\"async\" src=\"https:\/\/flargent.com\/wp-content\/plugins\/wpforms\/assets\/images\/submit-spin.svg\" class=\"wpforms-submit-spinner\" style=\"display: none;\" width=\"26\" height=\"26\" alt=\"Loading\"><\/div><\/form><\/div>  <!-- .wpforms-container -->            <\/div>\n\t\t\t\t<\/div>\n\t\t\t\t<\/div>\n\t\t\t\t<\/div>\n\t\t\t\t\t<\/div>\n\t\t\t\t<\/div>\n\t\t\t\t<\/div>\n\t\t","protected":false},"excerpt":{"rendered":"<p>bienvenidos EL DESAF\u00cdO FLARGENT Brindamos soluciones tecnol\u00f3gicas integrales para la industria del petr\u00f3leo, del gas y de la energ\u00eda, que pone en movimiento al pa\u00eds. Somos una compa\u00f1\u00eda l\u00edder en Argentina y en la regi\u00f3n. Te invitamos a impulsar tu desarrollo personal y profesional en una compa\u00f1\u00eda en constante crecimiento, con un buen clima laboral,&hellip;&nbsp;<a href=\"https:\/\/flargent.com\/en\/flargent-careers\/\" rel=\"bookmark\">Read More &raquo;<span class=\"screen-reader-text\">JOIN US<\/span><\/a><\/p>","protected":false},"author":1,"featured_media":0,"parent":0,"menu_order":0,"comment_status":"closed","ping_status":"closed","template":"page-templates\/template-pagebuilder-full-width.php","meta":{"neve_meta_sidebar":"","neve_meta_container":"","neve_meta_enable_content_width":"","neve_meta_content_width":0,"neve_meta_title_alignment":"","neve_meta_author_avatar":"","neve_post_elements_order":"","neve_meta_disable_header":"","neve_meta_disable_footer":"","neve_meta_disable_title":"","neve_meta_reading_time":"","footnotes":""},"class_list":["post-69","page","type-page","status-publish","hentry"],"yoast_head":"<!-- This site is optimized with the Yoast SEO Premium plugin v25.2 (Yoast SEO v27.2) - https:\/\/yoast.com\/product\/yoast-seo-premium-wordpress\/ -->\n<title>Trabaj\u00e1 con nosotros - Flargent<\/title>\n<meta name=\"robots\" content=\"index, follow, max-snippet:-1, max-image-preview:large, max-video-preview:-1\" \/>\n<link rel=\"canonical\" href=\"https:\/\/flargent.com\/en\/flargent-careers\/\" \/>\n<meta property=\"og:locale\" content=\"en_US\" \/>\n<meta property=\"og:type\" content=\"article\" \/>\n<meta property=\"og:title\" content=\"Trabaj\u00e1 con nosotros\" \/>\n<meta property=\"og:description\" content=\"bienvenidos EL DESAF\u00cdO FLARGENT Brindamos soluciones tecnol\u00f3gicas integrales para la industria del petr\u00f3leo, del gas y de la energ\u00eda, que pone en movimiento al pa\u00eds. Somos una compa\u00f1\u00eda l\u00edder en Argentina y en la regi\u00f3n. Te invitamos a impulsar tu desarrollo personal y profesional en una compa\u00f1\u00eda en constante crecimiento, con un buen clima laboral,&hellip;&nbsp;Read More &raquo;Trabaj\u00e1 con nosotros\" \/>\n<meta property=\"og:url\" content=\"https:\/\/flargent.com\/en\/flargent-careers\/\" \/>\n<meta property=\"og:site_name\" content=\"Flargent\" \/>\n<meta property=\"article:modified_time\" content=\"2025-01-28T03:22:38+00:00\" \/>\n<meta property=\"og:image\" content=\"https:\/\/flargent.com\/wp-content\/uploads\/2023\/02\/logo-linkedin-300px.png\" \/>\n\t<meta property=\"og:image:width\" content=\"279\" \/>\n\t<meta property=\"og:image:height\" content=\"300\" \/>\n\t<meta property=\"og:image:type\" content=\"image\/png\" \/>\n<meta name=\"twitter:card\" content=\"summary_large_image\" \/>\n<meta name=\"twitter:label1\" content=\"Est. reading time\" \/>\n\t<meta name=\"twitter:data1\" content=\"2 minutes\" \/>\n<script type=\"application\/ld+json\" class=\"yoast-schema-graph\">{\"@context\":\"https:\/\/schema.org\",\"@graph\":[{\"@type\":\"WebPage\",\"@id\":\"https:\/\/flargent.com\/flargent-careers\/\",\"url\":\"https:\/\/flargent.com\/flargent-careers\/\",\"name\":\"Trabaj\u00e1 con nosotros - Flargent\",\"isPartOf\":{\"@id\":\"https:\/\/flargent.com\/#website\"},\"primaryImageOfPage\":{\"@id\":\"https:\/\/flargent.com\/flargent-careers\/#primaryimage\"},\"image\":{\"@id\":\"https:\/\/flargent.com\/flargent-careers\/#primaryimage\"},\"thumbnailUrl\":\"https:\/\/flargent.com\/wp-content\/uploads\/2023\/02\/logo-linkedin-300px.png\",\"datePublished\":\"2022-11-15T20:12:06+00:00\",\"dateModified\":\"2025-01-28T03:22:38+00:00\",\"breadcrumb\":{\"@id\":\"https:\/\/flargent.com\/flargent-careers\/#breadcrumb\"},\"inLanguage\":\"en-US\",\"potentialAction\":[{\"@type\":\"ReadAction\",\"target\":[\"https:\/\/flargent.com\/flargent-careers\/\"]}]},{\"@type\":\"ImageObject\",\"inLanguage\":\"en-US\",\"@id\":\"https:\/\/flargent.com\/flargent-careers\/#primaryimage\",\"url\":\"https:\/\/flargent.com\/wp-content\/uploads\/2023\/02\/logo-linkedin-300px.png\",\"contentUrl\":\"https:\/\/flargent.com\/wp-content\/uploads\/2023\/02\/logo-linkedin-300px.png\"},{\"@type\":\"BreadcrumbList\",\"@id\":\"https:\/\/flargent.com\/flargent-careers\/#breadcrumb\",\"itemListElement\":[{\"@type\":\"ListItem\",\"position\":1,\"name\":\"Home\",\"item\":\"https:\/\/flargent.com\/\"},{\"@type\":\"ListItem\",\"position\":2,\"name\":\"Trabaj\u00e1 con nosotros\"}]},{\"@type\":\"WebSite\",\"@id\":\"https:\/\/flargent.com\/#website\",\"url\":\"https:\/\/flargent.com\/\",\"name\":\"Flargent\",\"description\":\"\",\"publisher\":{\"@id\":\"https:\/\/flargent.com\/#organization\"},\"potentialAction\":[{\"@type\":\"SearchAction\",\"target\":{\"@type\":\"EntryPoint\",\"urlTemplate\":\"https:\/\/flargent.com\/?s={search_term_string}\"},\"query-input\":{\"@type\":\"PropertyValueSpecification\",\"valueRequired\":true,\"valueName\":\"search_term_string\"}}],\"inLanguage\":\"en-US\"},{\"@type\":\"Organization\",\"@id\":\"https:\/\/flargent.com\/#organization\",\"name\":\"Flargent\",\"url\":\"https:\/\/flargent.com\/\",\"logo\":{\"@type\":\"ImageObject\",\"inLanguage\":\"en-US\",\"@id\":\"https:\/\/flargent.com\/#\/schema\/logo\/image\/\",\"url\":\"https:\/\/flargent.com\/wp-content\/uploads\/2022\/11\/cropped-cropped-Isologo-FGT_fullcolor.png\",\"contentUrl\":\"https:\/\/flargent.com\/wp-content\/uploads\/2022\/11\/cropped-cropped-Isologo-FGT_fullcolor.png\",\"width\":200,\"height\":63,\"caption\":\"Flargent\"},\"image\":{\"@id\":\"https:\/\/flargent.com\/#\/schema\/logo\/image\/\"}}]}<\/script>\n<!-- \/ Yoast SEO Premium plugin. -->","yoast_head_json":{"title":"Trabaj\u00e1 con nosotros - Flargent","robots":{"index":"index","follow":"follow","max-snippet":"max-snippet:-1","max-image-preview":"max-image-preview:large","max-video-preview":"max-video-preview:-1"},"canonical":"https:\/\/flargent.com\/en\/flargent-careers\/","og_locale":"en_US","og_type":"article","og_title":"Trabaj\u00e1 con nosotros","og_description":"bienvenidos EL DESAF\u00cdO FLARGENT Brindamos soluciones tecnol\u00f3gicas integrales para la industria del petr\u00f3leo, del gas y de la energ\u00eda, que pone en movimiento al pa\u00eds. Somos una compa\u00f1\u00eda l\u00edder en Argentina y en la regi\u00f3n. Te invitamos a impulsar tu desarrollo personal y profesional en una compa\u00f1\u00eda en constante crecimiento, con un buen clima laboral,&hellip;&nbsp;Read More &raquo;Trabaj\u00e1 con nosotros","og_url":"https:\/\/flargent.com\/en\/flargent-careers\/","og_site_name":"Flargent","article_modified_time":"2025-01-28T03:22:38+00:00","og_image":[{"width":279,"height":300,"url":"https:\/\/flargent.com\/wp-content\/uploads\/2023\/02\/logo-linkedin-300px.png","type":"image\/png"}],"twitter_card":"summary_large_image","twitter_misc":{"Est. reading time":"2 minutes"},"schema":{"@context":"https:\/\/schema.org","@graph":[{"@type":"WebPage","@id":"https:\/\/flargent.com\/flargent-careers\/","url":"https:\/\/flargent.com\/flargent-careers\/","name":"Trabaj\u00e1 con nosotros - Flargent","isPartOf":{"@id":"https:\/\/flargent.com\/#website"},"primaryImageOfPage":{"@id":"https:\/\/flargent.com\/flargent-careers\/#primaryimage"},"image":{"@id":"https:\/\/flargent.com\/flargent-careers\/#primaryimage"},"thumbnailUrl":"https:\/\/flargent.com\/wp-content\/uploads\/2023\/02\/logo-linkedin-300px.png","datePublished":"2022-11-15T20:12:06+00:00","dateModified":"2025-01-28T03:22:38+00:00","breadcrumb":{"@id":"https:\/\/flargent.com\/flargent-careers\/#breadcrumb"},"inLanguage":"en-US","potentialAction":[{"@type":"ReadAction","target":["https:\/\/flargent.com\/flargent-careers\/"]}]},{"@type":"ImageObject","inLanguage":"en-US","@id":"https:\/\/flargent.com\/flargent-careers\/#primaryimage","url":"https:\/\/flargent.com\/wp-content\/uploads\/2023\/02\/logo-linkedin-300px.png","contentUrl":"https:\/\/flargent.com\/wp-content\/uploads\/2023\/02\/logo-linkedin-300px.png"},{"@type":"BreadcrumbList","@id":"https:\/\/flargent.com\/flargent-careers\/#breadcrumb","itemListElement":[{"@type":"ListItem","position":1,"name":"Home","item":"https:\/\/flargent.com\/"},{"@type":"ListItem","position":2,"name":"Trabaj\u00e1 con nosotros"}]},{"@type":"WebSite","@id":"https:\/\/flargent.com\/#website","url":"https:\/\/flargent.com\/","name":"Flargent","description":"","publisher":{"@id":"https:\/\/flargent.com\/#organization"},"potentialAction":[{"@type":"SearchAction","target":{"@type":"EntryPoint","urlTemplate":"https:\/\/flargent.com\/?s={search_term_string}"},"query-input":{"@type":"PropertyValueSpecification","valueRequired":true,"valueName":"search_term_string"}}],"inLanguage":"en-US"},{"@type":"Organization","@id":"https:\/\/flargent.com\/#organization","name":"Flargent","url":"https:\/\/flargent.com\/","logo":{"@type":"ImageObject","inLanguage":"en-US","@id":"https:\/\/flargent.com\/#\/schema\/logo\/image\/","url":"https:\/\/flargent.com\/wp-content\/uploads\/2022\/11\/cropped-cropped-Isologo-FGT_fullcolor.png","contentUrl":"https:\/\/flargent.com\/wp-content\/uploads\/2022\/11\/cropped-cropped-Isologo-FGT_fullcolor.png","width":200,"height":63,"caption":"Flargent"},"image":{"@id":"https:\/\/flargent.com\/#\/schema\/logo\/image\/"}}]}},"_links":{"self":[{"href":"https:\/\/flargent.com\/en\/wp-json\/wp\/v2\/pages\/69","targetHints":{"allow":["GET"]}}],"collection":[{"href":"https:\/\/flargent.com\/en\/wp-json\/wp\/v2\/pages"}],"about":[{"href":"https:\/\/flargent.com\/en\/wp-json\/wp\/v2\/types\/page"}],"author":[{"embeddable":true,"href":"https:\/\/flargent.com\/en\/wp-json\/wp\/v2\/users\/1"}],"replies":[{"embeddable":true,"href":"https:\/\/flargent.com\/en\/wp-json\/wp\/v2\/comments?post=69"}],"version-history":[{"count":273,"href":"https:\/\/flargent.com\/en\/wp-json\/wp\/v2\/pages\/69\/revisions"}],"predecessor-version":[{"id":8472,"href":"https:\/\/flargent.com\/en\/wp-json\/wp\/v2\/pages\/69\/revisions\/8472"}],"wp:attachment":[{"href":"https:\/\/flargent.com\/en\/wp-json\/wp\/v2\/media?parent=69"}],"curies":[{"name":"wp","href":"https:\/\/api.w.org\/{rel}","templated":true}]}}